{"id":20,"date":"2022-09-25T19:13:23","date_gmt":"2022-09-25T19:13:23","guid":{"rendered":"https:\/\/vsig.hr\/konferencija2022\/home\/"},"modified":"2022-09-30T07:40:25","modified_gmt":"2022-09-30T07:40:25","slug":"home","status":"publish","type":"page","link":"https:\/\/vsig.hr\/konferencija2022\/","title":{"rendered":"Home"},"content":{"rendered":"\n\n\n\n\n\n\r\n<p class=\"MsoNormal\" style=\"text-align: left;\"><span style=\"color: #666699;\"><strong>Partneri<\/strong><\/span><\/p>\r\n\n\r\n<p class=\"MsoNormal\" style=\"text-align: left;\">\u00a0<\/p>\r\n<p class=\"MsoNormal\" style=\"text-align: left;\"><a href=\"https:\/\/naftalan.hr\/?gclid=CjwKCAjwm8WZBhBUEiwA178UnPG3yD0Hmsyjf3e5Zv0TIiUQEZNvLGWd8X3XPTZLz9huDd7hK_HR7RoC_RYQAvD_BwE\"><span style=\"color: #333399;\">Specijalna bolnica za medicinsku rehabilitaciju Naftalan<\/span><\/a><\/p>\r\n<p class=\"MsoNormal\" style=\"text-align: left;\"><span style=\"color: #333399;\"><a style=\"color: #333399;\" href=\"https:\/\/npbp.hr\/\">Neuropsihijatrijska bolnica Dr. Ivan Barbot Popova\u010da<\/a><\/span><\/p>\r\n<p class=\"MsoNormal\" style=\"text-align: left;\"><span style=\"color: #333399;\"><a style=\"color: #333399;\" href=\"https:\/\/www.polyclinic-glavic.com\/naslovna\/\">Poliklinika Glavi\u0107<\/a><\/span><\/p>\r\n<p class=\"MsoNormal\" style=\"text-align: left;\"><span style=\"color: #333399;\"><a style=\"color: #333399;\" href=\"https:\/\/www.poliklinika.com.hr\/\">Poliklinika Sveta Nedelja<\/a><\/span><\/p>\r\n<p class=\"MsoNormal\" style=\"text-align: left;\"><span style=\"color: #333399;\"><a style=\"color: #333399;\" href=\"https:\/\/www.pozeska-bolnica.hr\/\">Op\u0107a \u017eupanijska bolnica Po\u017eega<\/a><\/span><\/p>\r\n<p style=\"text-align: left;\"><span style=\"color: #333399;\"><a style=\"color: #333399;\" href=\"https:\/\/www.salvushealth.com\/hrvatska\/\">Salvus<\/a><\/span><\/p>\r\n<p>&nbsp;<\/p>\r\n<p style=\"text-align: left;\"><span style=\"color: #666699;\"><strong>Pokrovitelji<\/strong><\/span><\/p>\r\n<p class=\"MsoNormal\" style=\"text-align: left;\"><span style=\"color: #333399;\"><a style=\"color: #333399;\" href=\"https:\/\/mzo.gov.hr\/\">Ministarstvo znanosti i obrazovanja<\/a><\/span><\/p>\r\n<p class=\"MsoNormal\" style=\"text-align: left;\"><span style=\"color: #333399;\"><a style=\"color: #333399;\" href=\"https:\/\/zdravlje.gov.hr\/\">Ministarstvo zdravstva<\/a><\/span><\/p>\r\n<p class=\"MsoNormal\" style=\"text-align: left;\"><span style=\"color: #333399;\"><a style=\"color: #333399;\" href=\"https:\/\/www.hkf.hr\/\">Hrvatska komora fizioterapeuta<\/a><\/span><\/p>\r\n<p class=\"MsoNormal\" style=\"text-align: left;\"><span style=\"color: #333399;\"><a style=\"color: #333399;\" href=\"https:\/\/www.hkms.hr\/\">Hrvatska komora medicinskih sestara<\/a><\/span><\/p>\r\n<p class=\"MsoNormal\" style=\"text-align: left;\"><span style=\"color: #333399;\"><a style=\"color: #333399;\" href=\"https:\/\/www.ivanic-grad.hr\/naslovna\/\">Grad Ivani\u0107-Grad<\/a><\/span><\/p>\r\n<p>&nbsp;<\/p>\r\n<p style=\"text-align: left;\"><span style=\"color: #666699;\"><strong>Medijski pokrovitelji<\/strong><\/span><\/p>\r\n<p class=\"MsoNormal\" style=\"text-align: left;\"><span style=\"color: #333399;\"><a style=\"color: #333399;\" href=\"https:\/\/www.ori.hr\/\">Obiteljski radio Ivani\u0107<\/a><\/span><\/p>\r\n<p class=\"MsoNormal\" style=\"text-align: left;\"><span style=\"color: #333399;\"><a style=\"color: #333399;\" href=\"https:\/\/waveskomunikacije.hr\/\">Waves komunikacije<\/a><\/span><\/p>\r\n<p class=\"MsoNormal\" style=\"text-align: left;\"><span style=\"color: #333399;\"><a style=\"color: #333399;\" href=\"https:\/\/01portal.hr\/\">01portal<\/a><\/span><\/p>\r\n<p class=\"MsoNormal\">\u00a0<\/p>\r\n\n\n\n\n\n\r\n<p>O odborima<\/p>\r\n\n\n\n\r\n<p>&nbsp;<\/p>\r\n\n\n\n\r\n<p>&nbsp;<\/p>\r\n\n\n\n\n\n\n\n\n\n\n\n","protected":false},"excerpt":{"rendered":"","protected":false},"author":1,"featured_media":0,"parent":0,"menu_order":0,"comment_status":"closed","ping_status":"closed","template":"","meta":{"footnotes":""},"class_list":["post-20","page","type-page","status-publish","hentry"],"_links":{"self":[{"href":"https:\/\/vsig.hr\/konferencija2022\/wp-json\/wp\/v2\/pages\/20","targetHints":{"allow":["GET"]}}],"collection":[{"href":"https:\/\/vsig.hr\/konferencija2022\/wp-json\/wp\/v2\/pages"}],"about":[{"href":"https:\/\/vsig.hr\/konferencija2022\/wp-json\/wp\/v2\/types\/page"}],"author":[{"embeddable":true,"href":"https:\/\/vsig.hr\/konferencija2022\/wp-json\/wp\/v2\/users\/1"}],"replies":[{"embeddable":true,"href":"https:\/\/vsig.hr\/konferencija2022\/wp-json\/wp\/v2\/comments?post=20"}],"version-history":[{"count":18,"href":"https:\/\/vsig.hr\/konferencija2022\/wp-json\/wp\/v2\/pages\/20\/revisions"}],"predecessor-version":[{"id":120,"href":"https:\/\/vsig.hr\/konferencija2022\/wp-json\/wp\/v2\/pages\/20\/revisions\/120"}],"wp:attachment":[{"href":"https:\/\/vsig.hr\/konferencija2022\/wp-json\/wp\/v2\/media?parent=20"}],"curies":[{"name":"wp","href":"https:\/\/api.w.org\/{rel}","templated":true}]}}