{"id":5964,"date":"2024-10-09T08:36:35","date_gmt":"2024-10-09T08:36:35","guid":{"rendered":"https:\/\/vsig.hr\/web\/?page_id=5964"},"modified":"2026-03-10T11:40:03","modified_gmt":"2026-03-10T11:40:03","slug":"sestrinstvo-diplomski","status":"publish","type":"page","link":"https:\/\/vsig.hr\/web\/sestrinstvo-diplomski\/","title":{"rendered":"Sestrinstvo &#8211; diplomski"},"content":{"rendered":"<p>UVJETI UPISA NA STRU\u010cNI DIPLOMSKI STUDIJ SESTRINSTVO<\/p>\n<ul>\n<li>zavr\u0161en prijediplomski studij sestrinstva<\/li>\n<li>prosjek ocjena na prijediplomskom studiju iznad 3.5<\/li>\n<li>uz preporuku nastavnika ili poslodavca iz podru\u010dja biomedicine i zdravstva mo\u017ee biti na prethodnom studiju i ni\u017ei prosjek ocjena do najmanje 3.0.<\/li>\n<li>dodatna upisna dokumentacija (predaje se pri upisu): lije\u010dni\u010dka potvrda o psihi\u010dkoj i fizi\u010dkoj sposobnosti za studij<\/li>\n<\/ul>\n<p><a href=\"https:\/\/vsig.hr\/web\/wp-content\/uploads\/2022\/02\/Dopusnica-za-strucni-diplomski-studij-Sestrinstvo-2024.pdf\">Dopusnica za stru\u010dni diplomski studij Sestrinstvo 2024<\/a><\/p>\n<p><strong>2025.\/2026.<\/strong><\/p>\n<p><a href=\"https:\/\/vsig.hr\/web\/wp-content\/uploads\/2025\/09\/Ad.2.-Odluka-o-akademskom-kalendaru-2025.-2026_.pdf\">Odluka o akademskom kalendaru 2025.-2026_<\/a><\/p>\n<p><a href=\"https:\/\/vsig.hr\/web\/wp-content\/uploads\/2025\/09\/01-Odluka-o-donosenju-izvedb.pl_.-i-prog.-nastave-za-struc.dipl_.-Sestrinstvo-2025-2026.pdf\">Odluka o dono\u0161enju izvedbenog plana i programa nastave za stru\u010dni diplomski studij Sestrinstvo 2025-2026<\/a><\/p>\n<p><a href=\"https:\/\/vsig.hr\/web\/wp-content\/uploads\/2026\/02\/AD.9.2-Izvedbeni-plan-sestrinstvo-DIPLOMSKI-1.pdf\">Izvedbeni plan i programa nastave za stru\u010dni diplomski studij Sestrinstvo, 2025-2026<\/a> (a\u017eurirano: velja\u010da 2026.)<\/p>\n<p><strong>2024.\/2025.<\/strong><\/p>\n<p><a href=\"https:\/\/vsig.hr\/web\/wp-content\/uploads\/2021\/02\/4.-tc.-Odluka-o-akademskom-kalendaru-2024.pdf\">Odluka o akademskom kalendaru 2024.\/2025.<\/a><\/p>\n<p><a href=\"https:\/\/vsig.hr\/web\/wp-content\/uploads\/2025\/02\/Izvedbeni-plan-sestrinstvo-DIPLOMSKI.pdf\">Izvedbeni plan &#8211; stru\u010dni diplomski sestrinstvo 2024-2025 <\/a><\/p>\n<p><a href=\"https:\/\/vsig.hr\/web\/wp-content\/uploads\/2025\/02\/12.-tc.-Odluka-o-donosenju-Nacrta-Izvedbenog-plana-nastave-strucnog-diplomskog-studija-Sestrinstva-za-2024.-2025_.pdf\">Odluka o dono\u0161enju Izvedbenog plana nastave stru\u010dnog diplomskog studija Sestrinstva za 2024.-2025_<\/a><\/p>\n<p><a href=\"https:\/\/vsig.hr\/web\/wp-content\/uploads\/2025\/02\/ODLUKA1-1.pdf\">Odluka o izmjeni izvedbenog plana nastave stru\u010dnog diplomskog studija Sestrinstvo za 2024.-2025<\/a><\/p>\n<p><a href=\"https:\/\/vsig.hr\/web\/wp-content\/uploads\/2025\/02\/Odluka-o-II.-izmjeni-izvedbenog-plana-nastave-strucnog-diplomskog-studija-Sestrinstvo-za-2024.-2025.pdf\">Odluka o II. izmjeni izvedbenog plana nastave stru\u010dnog diplomskog studija Sestrinstvo za 2024.-2025<\/a><\/p>\n<p><a href=\"https:\/\/vsig.hr\/web\/wp-content\/uploads\/2025\/02\/Odluka-o-III.-izmjeni-izvedbenog-plana-nastave-strucnog-diplomskog-studija-Sestrinstvo-za-2024.-2025.pdf\">Odluka o III. izmjeni izvedbenog plana nastave stru\u010dnog diplomskog studija Sestrinstvo za 2024.-2025<\/a><\/p>\n<p>&nbsp;<\/p>\n<p>&nbsp;<\/p>\n<hr \/>\n<p><img fetchpriority=\"high\" decoding=\"async\" class=\"size-large wp-image-5565 alignleft\" src=\"https:\/\/vsig.hr\/web\/wp-content\/uploads\/2024\/08\/Letak-logo-Strucni-diplomski-studij-sestrinstvo-Veleuciliste-Ivanic-Grad.pdf-1024x576.jpg\" alt=\"\" width=\"800\" height=\"450\" srcset=\"https:\/\/vsig.hr\/web\/wp-content\/uploads\/2024\/08\/Letak-logo-Strucni-diplomski-studij-sestrinstvo-Veleuciliste-Ivanic-Grad.pdf-1024x576.jpg 1024w, https:\/\/vsig.hr\/web\/wp-content\/uploads\/2024\/08\/Letak-logo-Strucni-diplomski-studij-sestrinstvo-Veleuciliste-Ivanic-Grad.pdf-300x169.jpg 300w, https:\/\/vsig.hr\/web\/wp-content\/uploads\/2024\/08\/Letak-logo-Strucni-diplomski-studij-sestrinstvo-Veleuciliste-Ivanic-Grad.pdf-768x432.jpg 768w, https:\/\/vsig.hr\/web\/wp-content\/uploads\/2024\/08\/Letak-logo-Strucni-diplomski-studij-sestrinstvo-Veleuciliste-Ivanic-Grad.pdf-1536x864.jpg 1536w, https:\/\/vsig.hr\/web\/wp-content\/uploads\/2024\/08\/Letak-logo-Strucni-diplomski-studij-sestrinstvo-Veleuciliste-Ivanic-Grad.pdf.jpg 1920w\" sizes=\"(max-width: 800px) 100vw, 800px\" \/><\/p>\n","protected":false},"excerpt":{"rendered":"<p>UVJETI UPISA NA STRU\u010cNI DIPLOMSKI STUDIJ SESTRINSTVO zavr\u0161en prijediplomski studij sestrinstva prosjek ocjena na prijediplomskom studiju iznad 3.5 uz preporuku nastavnika ili poslodavca iz podru\u010dja biomedicine i zdravstva mo\u017ee biti na prethodnom studiju i ni\u017ei prosjek ocjena do najmanje 3.0. dodatna upisna dokumentacija (predaje se pri upisu): lije\u010dni\u010dka potvrda o psihi\u010dkoj i fizi\u010dkoj sposobnosti za [&hellip;]<\/p>\n","protected":false},"author":1,"featured_media":0,"parent":0,"menu_order":0,"comment_status":"closed","ping_status":"closed","template":"","meta":{"footnotes":""},"class_list":["post-5964","page","type-page","status-publish","hentry"],"_links":{"self":[{"href":"https:\/\/vsig.hr\/web\/wp-json\/wp\/v2\/pages\/5964","targetHints":{"allow":["GET"]}}],"collection":[{"href":"https:\/\/vsig.hr\/web\/wp-json\/wp\/v2\/pages"}],"about":[{"href":"https:\/\/vsig.hr\/web\/wp-json\/wp\/v2\/types\/page"}],"author":[{"embeddable":true,"href":"https:\/\/vsig.hr\/web\/wp-json\/wp\/v2\/users\/1"}],"replies":[{"embeddable":true,"href":"https:\/\/vsig.hr\/web\/wp-json\/wp\/v2\/comments?post=5964"}],"version-history":[{"count":13,"href":"https:\/\/vsig.hr\/web\/wp-json\/wp\/v2\/pages\/5964\/revisions"}],"predecessor-version":[{"id":8902,"href":"https:\/\/vsig.hr\/web\/wp-json\/wp\/v2\/pages\/5964\/revisions\/8902"}],"wp:attachment":[{"href":"https:\/\/vsig.hr\/web\/wp-json\/wp\/v2\/media?parent=5964"}],"curies":[{"name":"wp","href":"https:\/\/api.w.org\/{rel}","templated":true}]}}