{"id":5966,"date":"2024-10-09T08:36:51","date_gmt":"2024-10-09T08:36:51","guid":{"rendered":"https:\/\/vsig.hr\/web\/?page_id=5966"},"modified":"2026-04-15T14:01:46","modified_gmt":"2026-04-15T14:01:46","slug":"sestrinstvo-prijediplomski","status":"publish","type":"page","link":"https:\/\/vsig.hr\/web\/sestrinstvo-prijediplomski\/","title":{"rendered":"Sestrinstvo &#8211; prijediplomski"},"content":{"rendered":"<p>UVJETI UPISA NA STRU\u010cNI PRIJEDIPLOMSKI STUDIJ SESTRINSTVO<\/p>\n<ul>\n<li>zavr\u0161ena najmanje \u010detverogodi\u0161nja srednja \u0161kola (za kandidate koji su srednju \u0161kolu zavr\u0161ili prije 2010. godine)<\/li>\n<li>polo\u017een obvezni dio dr\u017eavne mature: hrvatski jezik te najmanje ni\u017ea razina iz matematike i stranog jezika (za kandidate koji su obveznici dr\u017eavne mature)<\/li>\n<li>dodatna upisna dokumentacija (predaje se pri upisu): lije\u010dni\u010dka potvrda o psihi\u010dkoj i fizi\u010dkoj sposobnosti za studij<\/li>\n<\/ul>\n<p><a href=\"https:\/\/vsig.hr\/web\/wp-content\/uploads\/2022\/02\/Dopusnica-strucni-prijediplomski-sestrinstvo.pdf\">Dopusnica stru\u010dni prijediplomski sestrinstvo<\/a><\/p>\n<p><strong>2025.\/2026.<\/strong><\/p>\n<p><a href=\"https:\/\/vsig.hr\/web\/wp-content\/uploads\/2025\/09\/Ad.2.-Odluka-o-akademskom-kalendaru-2025.-2026_.pdf\">Odluka o akademskom kalendaru 2025.\/2026.<\/a><\/p>\n<p><a href=\"https:\/\/vsig.hr\/web\/wp-content\/uploads\/2025\/09\/01-Odluka-o-donosenju-izvedb.pl_.-i-prog.-nastave-za-struc.prijed.-sestrin.-2025-2026.pdf\">Odluka o dono\u0161enju izvedbenog plana i programa nastave za stru\u010dni prijediplomski studij sestrinstvo 2025.\/2026.\u00a0<\/a><\/p>\n<p><a href=\"https:\/\/vsig.hr\/web\/wp-content\/uploads\/2026\/04\/Izvedbeni-plan-sestrinstvo-PRIJEDIPLOMSKI.docx\">Izvedbeni plan nastave za stru\u010dni prijediplomski studij Sestrinstvo 2025.\/2026.<\/a> (a\u017eurirano: o\u017eujak 2026.)<\/p>\n<p><strong>2024.\/2025.<\/strong><\/p>\n<p><a href=\"https:\/\/vsig.hr\/web\/wp-content\/uploads\/2021\/02\/4.-tc.-Odluka-o-akademskom-kalendaru-2024.pdf\">Odluka o akademskom kalendaru 2024.\/2025.<\/a><\/p>\n<p><a href=\"https:\/\/vsig.hr\/web\/wp-content\/uploads\/2025\/03\/Izvedbeni-plan-strucni-prijediplomski-sestrinstvo-2024-2025.pdf\">Izvedbeni plan &#8211; stru\u010dni prijediplomski sestrinstvo 2024-2025<\/a><\/p>\n<p><a href=\"https:\/\/vsig.hr\/web\/wp-content\/uploads\/2025\/02\/3.-tc.-Odluka-o-donosenju-Izvedbenog-plana-nastave-strucnog-prijediplomskog-studija-Sestrinstva-za-2024.-2025_.pdf\">Odluka o dono\u0161enju Izvedbenog plana nastave stru\u010dnog prijediplomskog studija Sestrinstva za 2024.-2025_<\/a><\/p>\n<p><a href=\"https:\/\/vsig.hr\/web\/wp-content\/uploads\/2025\/02\/ODLUKA1.pdf\">Odluka o izmjeni izvedbenog plana nastave stru\u010dnog prijediplomskog studija Sestrinstvo za 2024.-2025_<\/a><\/p>\n<p><a href=\"https:\/\/vsig.hr\/web\/wp-content\/uploads\/2025\/02\/Odluka-o-II.-izmjeni-izvedbenog-plana-nastave-strucnog-prijediplomskog-studija-Sestrinstvo-za-2024.-2025.pdf\">Odluka o II. izmjeni izvedbenog plana nastave stru\u010dnog prijediplomskog studija Sestrinstvo za 2024.-2025<\/a><\/p>\n<p><a href=\"https:\/\/vsig.hr\/web\/wp-content\/uploads\/2025\/02\/Odluka-o-III.-izmjeni-izvedbenog-plana-nastave-strucnog-prijediplomskog-studija-Sestrinstvo-za-2024.-2025.pdf\">Odluka o III. izmjeni izvedbenog plana nastave stru\u010dnog prijediplomskog studija Sestrinstvo za 2024.-2025<\/a><\/p>\n<p><a href=\"https:\/\/vsig.hr\/web\/raspored-nastave-za-akademsku-godinu-2023-2024\/\">Raspored sati 2024.-2025.<\/a><\/p>\n<p><strong>2023.\/2024.<\/strong><\/p>\n<p><a href=\"https:\/\/vsig.hr\/web\/wp-content\/uploads\/2021\/02\/Odluka-o-akademskom-kalendaru-2023-2024.pdf\">Odluka o akademskom kalendaru 2023-2024<\/a><\/p>\n<p><a href=\"https:\/\/vsig.hr\/web\/wp-content\/uploads\/2022\/02\/Izvedbeni-plan-sestrinstvo-2023-2024.pdf\">Izvedbeni plan stru\u010dnog prijediplomskog studija Sestrinstva u akademskoj godini 2023-2024.<\/a><\/p>\n<p><a href=\"https:\/\/vsig.hr\/web\/wp-content\/uploads\/2022\/02\/ODLUKA2.pdf\">Dopuna izvedbenog plana stru\u010dnog prijediplomskog stru\u010dnog studija Sestrinstvo 2023-2024, 27.2.2024.<\/a><\/p>\n<p><a href=\"https:\/\/vsig.hr\/web\/raspored-nastave-za-akademsku-godinu-2023-2024\/\">Raspored sati \u2013 akademska godina 2023.-2024.<\/a><\/p>\n<p>________________________________________________________________________<\/p>\n<p><strong>Stru\u010dni prijediplomski studij sestrinstva na Veleu\u010dili\u0161tu Ivani\u0107-Grad<\/strong><\/p>\n<div id=\"gallery-1\" class=\"gallery galleryid-2638 gallery-columns-1 gallery-size-full\">\n<figure class=\"gallery-item\">\n<div class=\"gallery-icon landscape\"><\/div>\n<\/figure>\n<\/div>\n<p>Pove\u0107ani zahtjevi u zdravstvenom i socijalnom sustavu ukazuju na potrebu obrazovanih medicinskih sestara sa suvremenim znanjima i vje\u0161tinama iz podru\u010dja zdravstvene njege. Dru\u0161tvena dinamika, tehnolo\u0161ki napredak i\u00a0 znanstveno-istra\u017eiva\u010dki rad ja dovode do napretka\u00a0 u procesima lije\u010denja i pru\u017eanju zdravstvene njege. Iz tog razloga i obrazovanje medicinskih sestara i tehni\u010dara mora biti uskla\u0111eno sa sve ve\u0107im zahtjevima u zdravstvenim i socijalnim ustanovama. Prvostupnici sestrinstva posjeduju kompetencije za planiranje, provo\u0111enje, koordiranje i evaluiranje zdravstvene njege, kao i kompetencije s ciljem promicanja zdravlja te sprje\u010davanja bolesti pojedinca, njegove obitelji i dru\u0161tvene zajednice. Stru\u010dni prijediplomski studij sestrinstva na Veleu\u010dili\u0161tu Ivani\u0107-Grad kroz svoj program osposobljava studente za provo\u0111enje zdravstvene njege prema posljednjim smjernicama uz primjenu eti\u010dkih na\u010dela i kriti\u010dkog mi\u0161ljenja.<\/p>\n<p>Nastava studija sestrinstva provodi se kroz predavanja, seminare i predklini\u010dke vje\u017ebe u kabinetu za zdravstvenu njegu. Prakti\u010dni dio nastave izvodi se u KBC Zagreb, KBC Sestre Milosrdnice, SB Naftalan, NPB Popova\u010da, OB Sisak, domovima zdravlja te drugim ustanovama specifi\u010dnim za potrebe pojedinih kolegija (socijalnim ustanovama, domovima za starije i nemo\u0107ne te dje\u010djim vrti\u0107ima). Studenti razvijaju specifi\u010dna znanja, vje\u0161tine i stavove te sposobnost dono\u0161enja odluka u\/o postupcima u zdravstvenoj njezi te prepoznavanju i rje\u0161avanju slo\u017eenih problema.<\/p>\n<p><strong>TRAJANJE<\/strong>: 6 semestara<br \/>\n<strong>BROJ ECTS BODOVA<\/strong>: 180<br \/>\n<strong>STRU\u010cNI NAZIV ZVANJA<\/strong>: stru\u010dni prvostupnik\/stru\u010dna prvostupnica, (baccalaureus\/baccalaurea) sestrinstva<br \/>\n<strong>SKRA\u0106ENI STRU\u010cNI NAZIV ZVANJA<\/strong>: bacc. med. techn.<br \/>\n<strong>NA\u010cIN IZVEDBE<\/strong>: redoviti studij, izvanredni studij<\/p>\n<p><strong>Popis predmeta na studiju mo\u017eete preuzet<\/strong>i\u00a0<strong><a href=\"https:\/\/vsig.hr\/web\/wp-content\/uploads\/2022\/02\/popis-kolegija-tablica.pdf\">ovdje<\/a>.<\/strong><\/p>\n<p>&nbsp;<\/p>\n","protected":false},"excerpt":{"rendered":"<p>UVJETI UPISA NA STRU\u010cNI PRIJEDIPLOMSKI STUDIJ SESTRINSTVO zavr\u0161ena najmanje \u010detverogodi\u0161nja srednja \u0161kola (za kandidate koji su srednju \u0161kolu zavr\u0161ili prije 2010. godine) polo\u017een obvezni dio dr\u017eavne mature: hrvatski jezik te najmanje ni\u017ea razina iz matematike i stranog jezika (za kandidate koji su obveznici dr\u017eavne mature) dodatna upisna dokumentacija (predaje se pri upisu): lije\u010dni\u010dka potvrda o [&hellip;]<\/p>\n","protected":false},"author":1,"featured_media":0,"parent":0,"menu_order":0,"comment_status":"closed","ping_status":"closed","template":"","meta":{"footnotes":""},"class_list":["post-5966","page","type-page","status-publish","hentry"],"_links":{"self":[{"href":"https:\/\/vsig.hr\/web\/wp-json\/wp\/v2\/pages\/5966","targetHints":{"allow":["GET"]}}],"collection":[{"href":"https:\/\/vsig.hr\/web\/wp-json\/wp\/v2\/pages"}],"about":[{"href":"https:\/\/vsig.hr\/web\/wp-json\/wp\/v2\/types\/page"}],"author":[{"embeddable":true,"href":"https:\/\/vsig.hr\/web\/wp-json\/wp\/v2\/users\/1"}],"replies":[{"embeddable":true,"href":"https:\/\/vsig.hr\/web\/wp-json\/wp\/v2\/comments?post=5966"}],"version-history":[{"count":19,"href":"https:\/\/vsig.hr\/web\/wp-json\/wp\/v2\/pages\/5966\/revisions"}],"predecessor-version":[{"id":9123,"href":"https:\/\/vsig.hr\/web\/wp-json\/wp\/v2\/pages\/5966\/revisions\/9123"}],"wp:attachment":[{"href":"https:\/\/vsig.hr\/web\/wp-json\/wp\/v2\/media?parent=5966"}],"curies":[{"name":"wp","href":"https:\/\/api.w.org\/{rel}","templated":true}]}}