{"id":6607,"date":"2025-01-29T08:43:59","date_gmt":"2025-01-29T08:43:59","guid":{"rendered":"https:\/\/vsig.hr\/web\/?page_id=6607"},"modified":"2025-01-29T08:46:42","modified_gmt":"2025-01-29T08:46:42","slug":"anketa-osiguravanja-kvalitete","status":"publish","type":"page","link":"https:\/\/vsig.hr\/web\/anketa-osiguravanja-kvalitete\/","title":{"rendered":"Anketa \u2013 osiguravanja kvalitete"},"content":{"rendered":"\t\t<div data-elementor-type=\"wp-page\" data-elementor-id=\"6607\" class=\"elementor elementor-6607\" data-elementor-post-type=\"page\">\n\t\t\t\t<div class=\"elementor-element elementor-element-56a9340 e-con-full e-flex e-con e-parent\" data-id=\"56a9340\" data-element_type=\"container\" data-settings=\"{&quot;background_background&quot;:&quot;classic&quot;}\">\n\t\t\t\t<\/div>\n\t\t<div class=\"elementor-element elementor-element-358be32 e-flex e-con-boxed e-con e-parent\" data-id=\"358be32\" data-element_type=\"container\">\n\t\t\t\t\t<div class=\"e-con-inner\">\n\t\t\t\t<div class=\"elementor-element elementor-element-45550c3 elementor-grid-3 elementor-grid-tablet-2 elementor-grid-mobile-1 elementor-posts--thumbnail-top elementor-widget elementor-widget-posts\" data-id=\"45550c3\" data-element_type=\"widget\" data-settings=\"{&quot;pagination_type&quot;:&quot;numbers&quot;,&quot;classic_columns&quot;:&quot;3&quot;,&quot;classic_columns_tablet&quot;:&quot;2&quot;,&quot;classic_columns_mobile&quot;:&quot;1&quot;,&quot;classic_row_gap&quot;:{&quot;unit&quot;:&quot;px&quot;,&quot;size&quot;:35,&quot;sizes&quot;:[]},&quot;classic_row_gap_tablet&quot;:{&quot;unit&quot;:&quot;px&quot;,&quot;size&quot;:&quot;&quot;,&quot;sizes&quot;:[]},&quot;classic_row_gap_mobile&quot;:{&quot;unit&quot;:&quot;px&quot;,&quot;size&quot;:&quot;&quot;,&quot;sizes&quot;:[]}}\" data-widget_type=\"posts.classic\">\n\t\t\t\t<div class=\"elementor-widget-container\">\n\t\t\t<link rel=\"stylesheet\" href=\"https:\/\/vsig.hr\/web\/wp-content\/plugins\/elementor-pro\/assets\/css\/widget-posts.min.css\">\t\t<div class=\"elementor-posts-container elementor-posts elementor-posts--skin-classic elementor-grid\">\n\t\t\t\t<article class=\"elementor-post elementor-grid-item post-7830 post type-post status-publish format-standard has-post-thumbnail hentry category-anketa-osiguravanja-kvalitete\">\n\t\t\t\t<a class=\"elementor-post__thumbnail__link\" href=\"https:\/\/vsig.hr\/web\/ankete-zadovoljstva-poslodavaca-studentima-na-klinickoj-praksi\/\" tabindex=\"-1\" >\n\t\t\t<div class=\"elementor-post__thumbnail\"><img decoding=\"async\" width=\"300\" height=\"165\" src=\"https:\/\/vsig.hr\/web\/wp-content\/uploads\/2025\/07\/Poslodavci-300x165.png\" class=\"attachment-medium size-medium wp-image-7816\" alt=\"\" srcset=\"https:\/\/vsig.hr\/web\/wp-content\/uploads\/2025\/07\/Poslodavci-300x165.png 300w, https:\/\/vsig.hr\/web\/wp-content\/uploads\/2025\/07\/Poslodavci-768x423.png 768w, https:\/\/vsig.hr\/web\/wp-content\/uploads\/2025\/07\/Poslodavci.png 982w\" sizes=\"(max-width: 300px) 100vw, 300px\" \/><\/div>\n\t\t<\/a>\n\t\t\t\t<div class=\"elementor-post__text\">\n\t\t\t\t<h3 class=\"elementor-post__title\">\n\t\t\t<a href=\"https:\/\/vsig.hr\/web\/ankete-zadovoljstva-poslodavaca-studentima-na-klinickoj-praksi\/\" >\n\t\t\t\tAnkete zadovoljstva poslodavaca studentima na Klini\u010dkoj praksi\t\t\t<\/a>\n\t\t<\/h3>\n\t\t\t\t<div class=\"elementor-post__meta-data\">\n\t\t\t\t\t<span class=\"elementor-post-date\">\n\t\t\t24. srpnja 2025.\t\t<\/span>\n\t\t\t\t<\/div>\n\t\t\t\t<div class=\"elementor-post__excerpt\">\n\t\t\t<p>01 Izvje\u0161\u0107e o zadovoljstvu poslodavaca studentima na stru\u010dnoj prakci\u00a0 2024. 02 Izvje\u0161\u0107e ankete zadovoljstva poslodavaca studentima na stru\u010dnoj praksi- 2025<\/p>\n\t\t<\/div>\n\t\t\t\t\t<div class=\"elementor-post__read-more-wrapper\">\n\t\t\n\t\t<a class=\"elementor-post__read-more\" href=\"https:\/\/vsig.hr\/web\/ankete-zadovoljstva-poslodavaca-studentima-na-klinickoj-praksi\/\" aria-label=\"Read more about Ankete zadovoljstva poslodavaca studentima na Klini\u010dkoj praksi\" tabindex=\"-1\" >\n\t\t\tPro\u010ditajte vi\u0161e \u00bb\t\t<\/a>\n\n\t\t\t\t\t<\/div>\n\t\t\t\t<\/div>\n\t\t\t\t<\/article>\n\t\t\t\t<article class=\"elementor-post elementor-grid-item post-5068 post type-post status-publish format-standard has-post-thumbnail hentry category-anketa-osiguravanja-kvalitete\">\n\t\t\t\t<a class=\"elementor-post__thumbnail__link\" href=\"https:\/\/vsig.hr\/web\/samoevaluacija-nastavnika\/\" tabindex=\"-1\" >\n\t\t\t<div class=\"elementor-post__thumbnail\"><img fetchpriority=\"high\" decoding=\"async\" width=\"234\" height=\"220\" src=\"https:\/\/vsig.hr\/web\/wp-content\/uploads\/2024\/05\/samevaluacija.png\" class=\"attachment-medium size-medium wp-image-4961\" alt=\"\" srcset=\"https:\/\/vsig.hr\/web\/wp-content\/uploads\/2024\/05\/samevaluacija.png 234w, https:\/\/vsig.hr\/web\/wp-content\/uploads\/2024\/05\/samevaluacija-150x141.png 150w\" sizes=\"(max-width: 234px) 100vw, 234px\" \/><\/div>\n\t\t<\/a>\n\t\t\t\t<div class=\"elementor-post__text\">\n\t\t\t\t<h3 class=\"elementor-post__title\">\n\t\t\t<a href=\"https:\/\/vsig.hr\/web\/samoevaluacija-nastavnika\/\" >\n\t\t\t\tSamoevaluacija nastavnika\t\t\t<\/a>\n\t\t<\/h3>\n\t\t\t\t<div class=\"elementor-post__meta-data\">\n\t\t\t\t\t<span class=\"elementor-post-date\">\n\t\t\t31. svibnja 2024.\t\t<\/span>\n\t\t\t\t<\/div>\n\t\t\t\t<div class=\"elementor-post__excerpt\">\n\t\t\t<p>Izvje\u0161\u0107e-samoevaluacija nastavnika- 2023.-2024.<\/p>\n\t\t<\/div>\n\t\t\t\t\t<div class=\"elementor-post__read-more-wrapper\">\n\t\t\n\t\t<a class=\"elementor-post__read-more\" href=\"https:\/\/vsig.hr\/web\/samoevaluacija-nastavnika\/\" aria-label=\"Read more about Samoevaluacija nastavnika\" tabindex=\"-1\" >\n\t\t\tPro\u010ditajte vi\u0161e \u00bb\t\t<\/a>\n\n\t\t\t\t\t<\/div>\n\t\t\t\t<\/div>\n\t\t\t\t<\/article>\n\t\t\t\t<article class=\"elementor-post elementor-grid-item post-5041 post type-post status-publish format-standard has-post-thumbnail hentry category-anketa-osiguravanja-kvalitete\">\n\t\t\t\t<a class=\"elementor-post__thumbnail__link\" href=\"https:\/\/vsig.hr\/web\/5041-2\/\" tabindex=\"-1\" >\n\t\t\t<div class=\"elementor-post__thumbnail\"><img decoding=\"async\" width=\"235\" height=\"247\" src=\"https:\/\/vsig.hr\/web\/wp-content\/uploads\/2024\/05\/Diplomirani-studenti.png\" class=\"attachment-medium size-medium wp-image-5042\" alt=\"\" srcset=\"https:\/\/vsig.hr\/web\/wp-content\/uploads\/2024\/05\/Diplomirani-studenti.png 235w, https:\/\/vsig.hr\/web\/wp-content\/uploads\/2024\/05\/Diplomirani-studenti-150x158.png 150w\" sizes=\"(max-width: 235px) 100vw, 235px\" \/><\/div>\n\t\t<\/a>\n\t\t\t\t<div class=\"elementor-post__text\">\n\t\t\t\t<h3 class=\"elementor-post__title\">\n\t\t\t<a href=\"https:\/\/vsig.hr\/web\/5041-2\/\" >\n\t\t\t\tIzvje\u0161\u0107e ankete zavr\u0161enih studenata\t\t\t<\/a>\n\t\t<\/h3>\n\t\t\t\t<div class=\"elementor-post__meta-data\">\n\t\t\t\t\t<span class=\"elementor-post-date\">\n\t\t\t29. svibnja 2024.\t\t<\/span>\n\t\t\t\t<\/div>\n\t\t\t\t<div class=\"elementor-post__excerpt\">\n\t\t\t<p>Rezultati ankete zavr\u0161enih studenata,2024.<\/p>\n\t\t<\/div>\n\t\t\t\t\t<div class=\"elementor-post__read-more-wrapper\">\n\t\t\n\t\t<a class=\"elementor-post__read-more\" href=\"https:\/\/vsig.hr\/web\/5041-2\/\" aria-label=\"Read more about Izvje\u0161\u0107e ankete zavr\u0161enih studenata\" tabindex=\"-1\" >\n\t\t\tPro\u010ditajte vi\u0161e \u00bb\t\t<\/a>\n\n\t\t\t\t\t<\/div>\n\t\t\t\t<\/div>\n\t\t\t\t<\/article>\n\t\t\t\t<article class=\"elementor-post elementor-grid-item post-4964 post type-post status-publish format-standard has-post-thumbnail hentry category-anketa-osiguravanja-kvalitete\">\n\t\t\t\t<a class=\"elementor-post__thumbnail__link\" href=\"https:\/\/vsig.hr\/web\/zadovoljstvo-administrativno-tehnickim-osobljem\/\" tabindex=\"-1\" >\n\t\t\t<div class=\"elementor-post__thumbnail\"><img loading=\"lazy\" decoding=\"async\" width=\"300\" height=\"233\" src=\"https:\/\/vsig.hr\/web\/wp-content\/uploads\/2024\/05\/administracija-300x233.png\" class=\"attachment-medium size-medium wp-image-4966\" alt=\"\" srcset=\"https:\/\/vsig.hr\/web\/wp-content\/uploads\/2024\/05\/administracija-300x233.png 300w, https:\/\/vsig.hr\/web\/wp-content\/uploads\/2024\/05\/administracija-150x117.png 150w, https:\/\/vsig.hr\/web\/wp-content\/uploads\/2024\/05\/administracija.png 337w\" sizes=\"(max-width: 300px) 100vw, 300px\" \/><\/div>\n\t\t<\/a>\n\t\t\t\t<div class=\"elementor-post__text\">\n\t\t\t\t<h3 class=\"elementor-post__title\">\n\t\t\t<a href=\"https:\/\/vsig.hr\/web\/zadovoljstvo-administrativno-tehnickim-osobljem\/\" >\n\t\t\t\tZadovoljstvo administrativno tehni\u010dkim osobljem 2023.-24.\t\t\t<\/a>\n\t\t<\/h3>\n\t\t\t\t<div class=\"elementor-post__meta-data\">\n\t\t\t\t\t<span class=\"elementor-post-date\">\n\t\t\t14. svibnja 2024.\t\t<\/span>\n\t\t\t\t<\/div>\n\t\t\t\t<div class=\"elementor-post__excerpt\">\n\t\t\t<p>03 &#8211; Izvje\u0161\u0107e- zadaovoljstvo tehni\u010dkim i administrativnim osobljem<\/p>\n\t\t<\/div>\n\t\t\t\t\t<div class=\"elementor-post__read-more-wrapper\">\n\t\t\n\t\t<a class=\"elementor-post__read-more\" href=\"https:\/\/vsig.hr\/web\/zadovoljstvo-administrativno-tehnickim-osobljem\/\" aria-label=\"Read more about Zadovoljstvo administrativno tehni\u010dkim osobljem 2023.-24.\" tabindex=\"-1\" >\n\t\t\tPro\u010ditajte vi\u0161e \u00bb\t\t<\/a>\n\n\t\t\t\t\t<\/div>\n\t\t\t\t<\/div>\n\t\t\t\t<\/article>\n\t\t\t\t<article class=\"elementor-post elementor-grid-item post-4560 post type-post status-publish format-standard has-post-thumbnail hentry category-anketa-osiguravanja-kvalitete\">\n\t\t\t\t<a class=\"elementor-post__thumbnail__link\" href=\"https:\/\/vsig.hr\/web\/izvjesce-o-provedenoj-studentskoj-anketi\/\" tabindex=\"-1\" >\n\t\t\t<div class=\"elementor-post__thumbnail\"><img loading=\"lazy\" decoding=\"async\" width=\"300\" height=\"153\" src=\"https:\/\/vsig.hr\/web\/wp-content\/uploads\/2024\/03\/Slika-anketa-300x153.png\" class=\"attachment-medium size-medium wp-image-4565\" alt=\"\" srcset=\"https:\/\/vsig.hr\/web\/wp-content\/uploads\/2024\/03\/Slika-anketa-300x153.png 300w, https:\/\/vsig.hr\/web\/wp-content\/uploads\/2024\/03\/Slika-anketa-150x76.png 150w, https:\/\/vsig.hr\/web\/wp-content\/uploads\/2024\/03\/Slika-anketa.png 531w\" sizes=\"(max-width: 300px) 100vw, 300px\" \/><\/div>\n\t\t<\/a>\n\t\t\t\t<div class=\"elementor-post__text\">\n\t\t\t\t<h3 class=\"elementor-post__title\">\n\t\t\t<a href=\"https:\/\/vsig.hr\/web\/izvjesce-o-provedenoj-studentskoj-anketi\/\" >\n\t\t\t\tIzvje\u0161\u0107a o provedenim Studentskim anketama\t\t\t<\/a>\n\t\t<\/h3>\n\t\t\t\t<div class=\"elementor-post__meta-data\">\n\t\t\t\t\t<span class=\"elementor-post-date\">\n\t\t\t20. o\u017eujka 2024.\t\t<\/span>\n\t\t\t\t<\/div>\n\t\t\t\t<div class=\"elementor-post__excerpt\">\n\t\t\t<p>Rezultati studentske ankete 24-25-ljetni semestar Rezultati studentske ankete &#8211; ljetni semestar 2023.\/2024. REZULTATI STUDENTSKE ANKETE &#8211; ZIMSKI SEMESTAR 2023.\/2024. Rezultati studentske ankete &#8211; zimski semestar 2024.\/2025. Rezultati studentske ankete &#8211; zimski semestar ak. god. 2025.\/2026.<\/p>\n\t\t<\/div>\n\t\t\t\t\t<div class=\"elementor-post__read-more-wrapper\">\n\t\t\n\t\t<a class=\"elementor-post__read-more\" href=\"https:\/\/vsig.hr\/web\/izvjesce-o-provedenoj-studentskoj-anketi\/\" aria-label=\"Read more about Izvje\u0161\u0107a o provedenim Studentskim anketama\" tabindex=\"-1\" >\n\t\t\tPro\u010ditajte vi\u0161e \u00bb\t\t<\/a>\n\n\t\t\t\t\t<\/div>\n\t\t\t\t<\/div>\n\t\t\t\t<\/article>\n\t\t\t\t<\/div>\n\t\t\n\t\t\t\t<\/div>\n\t\t\t\t<\/div>\n\t\t\t\t\t<\/div>\n\t\t\t\t<\/div>\n\t\t\t\t<\/div>\n\t\t","protected":false},"excerpt":{"rendered":"","protected":false},"author":1,"featured_media":0,"parent":0,"menu_order":0,"comment_status":"closed","ping_status":"closed","template":"","meta":{"footnotes":""},"class_list":["post-6607","page","type-page","status-publish","hentry"],"_links":{"self":[{"href":"https:\/\/vsig.hr\/web\/wp-json\/wp\/v2\/pages\/6607","targetHints":{"allow":["GET"]}}],"collection":[{"href":"https:\/\/vsig.hr\/web\/wp-json\/wp\/v2\/pages"}],"about":[{"href":"https:\/\/vsig.hr\/web\/wp-json\/wp\/v2\/types\/page"}],"author":[{"embeddable":true,"href":"https:\/\/vsig.hr\/web\/wp-json\/wp\/v2\/users\/1"}],"replies":[{"embeddable":true,"href":"https:\/\/vsig.hr\/web\/wp-json\/wp\/v2\/comments?post=6607"}],"version-history":[{"count":3,"href":"https:\/\/vsig.hr\/web\/wp-json\/wp\/v2\/pages\/6607\/revisions"}],"predecessor-version":[{"id":6610,"href":"https:\/\/vsig.hr\/web\/wp-json\/wp\/v2\/pages\/6607\/revisions\/6610"}],"wp:attachment":[{"href":"https:\/\/vsig.hr\/web\/wp-json\/wp\/v2\/media?parent=6607"}],"curies":[{"name":"wp","href":"https:\/\/api.w.org\/{rel}","templated":true}]}}